{"id":3542,"date":"2025-01-17T04:36:51","date_gmt":"2025-01-17T04:36:51","guid":{"rendered":"https:\/\/resinarecords.com\/?page_id=3542"},"modified":"2025-01-24T21:18:20","modified_gmt":"2025-01-24T21:18:20","slug":"sobre","status":"publish","type":"page","link":"https:\/\/resinarecords.com\/en\/sobre\/","title":{"rendered":"About"},"content":{"rendered":"<div data-elementor-type=\"wp-page\" data-elementor-id=\"3542\" class=\"elementor elementor-3542\" data-elementor-post-type=\"page\">\n\t\t\t\t<div class=\"elementor-element elementor-element-6582a8f e-flex e-con-boxed e-con e-parent\" data-id=\"6582a8f\" data-element_type=\"container\" data-e-type=\"container\">\n\t\t\t\t\t<div class=\"e-con-inner\">\n\t\t\t\t<div class=\"elementor-element elementor-element-f887a43 elementor-widget elementor-widget-heading\" data-id=\"f887a43\" data-element_type=\"widget\" data-e-type=\"widget\" data-widget_type=\"heading.default\">\n\t\t\t\t<div class=\"elementor-widget-container\">\n\t\t\t\t\t<h2 class=\"elementor-heading-title elementor-size-default\">RESINA RECORDS<\/h2>\t\t\t\t<\/div>\n\t\t\t\t<\/div>\n\t\t\t\t<div class=\"elementor-element elementor-element-b27f5f8 elementor-widget elementor-widget-text-editor\" data-id=\"b27f5f8\" data-element_type=\"widget\" data-e-type=\"widget\" data-widget_type=\"text-editor.default\">\n\t\t\t\t<div class=\"elementor-widget-container\">\n\t\t\t\t\t\t\t\t\t<p>Resina Records is a musical label envisioned by CyK, Gahara, and Aquarius Orb, a trio of music producers based in the Brazilian Midwest. Founded in 2018, the label's primary goal is to serve as a channel for the creation and digital distribution of psychedelic electronic music.<\/p><p>The name \"Resina\" draws inspiration from the concept of something gooey\u2014a viscous medium that facilitates the propagation of sensations. Resin is a naturally occurring material that, when interacted with, stimulates multiple senses: touch, smell, sound, and even taste.<\/p><p>Our music aims to evoke a similar sensory experience. We strive to craft a sound that feels viscous and molten, embodying organic characteristics reminiscent of resin. Metaphorically, it seeks to reflect the diversity of our native biome, the Cerrado, with its immense multiplicity of plants, animals, fungi, and the resin they emit.<\/p><p>The signature sound of Resina Records can be described as mid- to high-BPM electronic music, blending dark, nocturnal, and obscure elements with a dynamic interplay of organic and digital soundscapes. These are enveloped in dense, precise atmospheric textures and rhythms, designed to guide the listener through multiple sensory trips and\u00a0experiences<\/p>\t\t\t\t\t\t\t\t<\/div>\n\t\t\t\t<\/div>\n\t\t\t\t<div class=\"elementor-element elementor-element-c869cc8 elementor-widget elementor-widget-image\" data-id=\"c869cc8\" data-element_type=\"widget\" data-e-type=\"widget\" data-widget_type=\"image.default\">\n\t\t\t\t<div class=\"elementor-widget-container\">\n\t\t\t\t\t\t\t\t\t\t\t\t\t\t\t<img decoding=\"async\" width=\"2400\" height=\"1600\" src=\"https:\/\/resinarecords.com\/wp-content\/uploads\/2025\/01\/@heizzo-216.JPEG.jpg\" class=\"attachment-full size-full wp-image-3565\" alt=\"\" srcset=\"https:\/\/resinarecords.com\/wp-content\/uploads\/2025\/01\/@heizzo-216.JPEG.jpg 2400w, https:\/\/resinarecords.com\/wp-content\/uploads\/2025\/01\/@heizzo-216.JPEG-300x200.jpg 300w, https:\/\/resinarecords.com\/wp-content\/uploads\/2025\/01\/@heizzo-216.JPEG-1024x683.jpg 1024w, https:\/\/resinarecords.com\/wp-content\/uploads\/2025\/01\/@heizzo-216.JPEG-768x512.jpg 768w, https:\/\/resinarecords.com\/wp-content\/uploads\/2025\/01\/@heizzo-216.JPEG-1536x1024.jpg 1536w, https:\/\/resinarecords.com\/wp-content\/uploads\/2025\/01\/@heizzo-216.JPEG-2048x1365.jpg 2048w, https:\/\/resinarecords.com\/wp-content\/uploads\/2025\/01\/@heizzo-216.JPEG-18x12.jpg 18w, https:\/\/resinarecords.com\/wp-content\/uploads\/2025\/01\/@heizzo-216.JPEG-600x400.jpg 600w\" sizes=\"(max-width: 2400px) 100vw, 2400px\" \/>\t\t\t\t\t\t\t\t\t\t\t\t\t\t\t<\/div>\n\t\t\t\t<\/div>\n\t\t\t\t<div class=\"elementor-element elementor-element-53dd0a0 elementor-widget elementor-widget-gallery\" data-id=\"53dd0a0\" data-element_type=\"widget\" data-e-type=\"widget\" data-settings=\"{&quot;columns_mobile&quot;:3,&quot;lazyload&quot;:&quot;yes&quot;,&quot;gallery_layout&quot;:&quot;grid&quot;,&quot;columns&quot;:4,&quot;columns_tablet&quot;:2,&quot;gap&quot;:{&quot;unit&quot;:&quot;px&quot;,&quot;size&quot;:10,&quot;sizes&quot;:[]},&quot;gap_tablet&quot;:{&quot;unit&quot;:&quot;px&quot;,&quot;size&quot;:10,&quot;sizes&quot;:[]},&quot;gap_mobile&quot;:{&quot;unit&quot;:&quot;px&quot;,&quot;size&quot;:10,&quot;sizes&quot;:[]},&quot;link_to&quot;:&quot;file&quot;,&quot;aspect_ratio&quot;:&quot;3:2&quot;,&quot;overlay_background&quot;:&quot;yes&quot;,&quot;content_hover_animation&quot;:&quot;fade-in&quot;}\" data-widget_type=\"gallery.default\">\n\t\t\t\t<div class=\"elementor-widget-container\">\n\t\t\t\t\t\t\t<div class=\"elementor-gallery__container\">\n\t\t\t\t\t\t\t<a class=\"e-gallery-item elementor-gallery-item elementor-animated-content\" href=\"https:\/\/resinarecords.com\/wp-content\/uploads\/2025\/01\/CONEXA\u2560aO-STUDIOS-55.jpg\" data-elementor-open-lightbox=\"yes\" data-elementor-lightbox-slideshow=\"53dd0a0\" data-elementor-lightbox-title=\"CONEXA\u2560\u00e2O STUDIOS-55\" data-e-action-hash=\"#elementor-action%3Aaction%3Dlightbox%26settings%3DeyJpZCI6MzY5NiwidXJsIjoiaHR0cHM6XC9cL3Jlc2luYXJlY29yZHMuY29tXC93cC1jb250ZW50XC91cGxvYWRzXC8yMDI1XC8wMVwvQ09ORVhBXHUyNTYwYU8tU1RVRElPUy01NS5qcGciLCJzbGlkZXNob3ciOiI1M2RkMGEwIn0%3D\">\n\t\t\t\t\t<div class=\"e-gallery-image elementor-gallery-item__image\" data-thumbnail=\"https:\/\/resinarecords.com\/wp-content\/uploads\/2025\/01\/CONEXA\u2560aO-STUDIOS-55-768x513.jpg\" data-width=\"768\" data-height=\"513\" aria-label=\"\" role=\"img\" ><\/div>\n\t\t\t\t\t\t\t\t\t\t\t<div class=\"elementor-gallery-item__overlay\"><\/div>\n\t\t\t\t\t\t\t\t\t\t\t\t\t\t<\/a>\n\t\t\t\t\t\t\t<a class=\"e-gallery-item elementor-gallery-item elementor-animated-content\" href=\"https:\/\/resinarecords.com\/wp-content\/uploads\/2025\/01\/@heizzo-156.jpg\" data-elementor-open-lightbox=\"yes\" data-elementor-lightbox-slideshow=\"53dd0a0\" data-elementor-lightbox-title=\"@heizzo-156\" data-e-action-hash=\"#elementor-action%3Aaction%3Dlightbox%26settings%3DeyJpZCI6MzY5MSwidXJsIjoiaHR0cHM6XC9cL3Jlc2luYXJlY29yZHMuY29tXC93cC1jb250ZW50XC91cGxvYWRzXC8yMDI1XC8wMVwvQGhlaXp6by0xNTYuanBnIiwic2xpZGVzaG93IjoiNTNkZDBhMCJ9\">\n\t\t\t\t\t<div class=\"e-gallery-image elementor-gallery-item__image\" data-thumbnail=\"https:\/\/resinarecords.com\/wp-content\/uploads\/2025\/01\/@heizzo-156-768x1152.jpg\" data-width=\"768\" data-height=\"1152\" aria-label=\"\" role=\"img\" ><\/div>\n\t\t\t\t\t\t\t\t\t\t\t<div class=\"elementor-gallery-item__overlay\"><\/div>\n\t\t\t\t\t\t\t\t\t\t\t\t\t\t<\/a>\n\t\t\t\t\t\t\t<a class=\"e-gallery-item elementor-gallery-item elementor-animated-content\" href=\"https:\/\/resinarecords.com\/wp-content\/uploads\/2025\/01\/CONEXA\u2560aO-STUDIOS-16.jpg\" data-elementor-open-lightbox=\"yes\" data-elementor-lightbox-slideshow=\"53dd0a0\" data-elementor-lightbox-title=\"CONEXA\u2560\u00e2O STUDIOS-16\" data-e-action-hash=\"#elementor-action%3Aaction%3Dlightbox%26settings%3DeyJpZCI6MzY5NSwidXJsIjoiaHR0cHM6XC9cL3Jlc2luYXJlY29yZHMuY29tXC93cC1jb250ZW50XC91cGxvYWRzXC8yMDI1XC8wMVwvQ09ORVhBXHUyNTYwYU8tU1RVRElPUy0xNi5qcGciLCJzbGlkZXNob3ciOiI1M2RkMGEwIn0%3D\">\n\t\t\t\t\t<div class=\"e-gallery-image elementor-gallery-item__image\" data-thumbnail=\"https:\/\/resinarecords.com\/wp-content\/uploads\/2025\/01\/CONEXA\u2560aO-STUDIOS-16-768x1075.jpg\" data-width=\"768\" data-height=\"1075\" aria-label=\"\" role=\"img\" ><\/div>\n\t\t\t\t\t\t\t\t\t\t\t<div class=\"elementor-gallery-item__overlay\"><\/div>\n\t\t\t\t\t\t\t\t\t\t\t\t\t\t<\/a>\n\t\t\t\t\t\t\t<a class=\"e-gallery-item elementor-gallery-item elementor-animated-content\" href=\"https:\/\/resinarecords.com\/wp-content\/uploads\/2025\/01\/IMG_9583.jpg\" data-elementor-open-lightbox=\"yes\" data-elementor-lightbox-slideshow=\"53dd0a0\" data-elementor-lightbox-title=\"IMG_9583\" data-e-action-hash=\"#elementor-action%3Aaction%3Dlightbox%26settings%3DeyJpZCI6MzY4NywidXJsIjoiaHR0cHM6XC9cL3Jlc2luYXJlY29yZHMuY29tXC93cC1jb250ZW50XC91cGxvYWRzXC8yMDI1XC8wMVwvSU1HXzk1ODMuanBnIiwic2xpZGVzaG93IjoiNTNkZDBhMCJ9\">\n\t\t\t\t\t<div class=\"e-gallery-image elementor-gallery-item__image\" data-thumbnail=\"https:\/\/resinarecords.com\/wp-content\/uploads\/2025\/01\/IMG_9583-768x513.jpg\" data-width=\"768\" data-height=\"513\" aria-label=\"\" role=\"img\" ><\/div>\n\t\t\t\t\t\t\t\t\t\t\t<div class=\"elementor-gallery-item__overlay\"><\/div>\n\t\t\t\t\t\t\t\t\t\t\t\t\t\t<\/a>\n\t\t\t\t\t\t\t<a class=\"e-gallery-item elementor-gallery-item elementor-animated-content\" href=\"https:\/\/resinarecords.com\/wp-content\/uploads\/2025\/01\/CONEXA\u2560aO-STUDIOS-23.jpg\" data-elementor-open-lightbox=\"yes\" data-elementor-lightbox-slideshow=\"53dd0a0\" data-elementor-lightbox-title=\"CONEXA\u2560\u00e2O STUDIOS -23\" data-e-action-hash=\"#elementor-action%3Aaction%3Dlightbox%26settings%3DeyJpZCI6MzY5NCwidXJsIjoiaHR0cHM6XC9cL3Jlc2luYXJlY29yZHMuY29tXC93cC1jb250ZW50XC91cGxvYWRzXC8yMDI1XC8wMVwvQ09ORVhBXHUyNTYwYU8tU1RVRElPUy0yMy5qcGciLCJzbGlkZXNob3ciOiI1M2RkMGEwIn0%3D\">\n\t\t\t\t\t<div class=\"e-gallery-image elementor-gallery-item__image\" data-thumbnail=\"https:\/\/resinarecords.com\/wp-content\/uploads\/2025\/01\/CONEXA\u2560aO-STUDIOS-23-768x549.jpg\" data-width=\"768\" data-height=\"549\" aria-label=\"\" role=\"img\" ><\/div>\n\t\t\t\t\t\t\t\t\t\t\t<div class=\"elementor-gallery-item__overlay\"><\/div>\n\t\t\t\t\t\t\t\t\t\t\t\t\t\t<\/a>\n\t\t\t\t\t\t\t<a class=\"e-gallery-item elementor-gallery-item elementor-animated-content\" href=\"https:\/\/resinarecords.com\/wp-content\/uploads\/2025\/01\/resina-records.jpg\" data-elementor-open-lightbox=\"yes\" data-elementor-lightbox-slideshow=\"53dd0a0\" data-elementor-lightbox-title=\"resina-records\" data-e-action-hash=\"#elementor-action%3Aaction%3Dlightbox%26settings%3DeyJpZCI6MzcwNiwidXJsIjoiaHR0cHM6XC9cL3Jlc2luYXJlY29yZHMuY29tXC93cC1jb250ZW50XC91cGxvYWRzXC8yMDI1XC8wMVwvcmVzaW5hLXJlY29yZHMuanBnIiwic2xpZGVzaG93IjoiNTNkZDBhMCJ9\">\n\t\t\t\t\t<div class=\"e-gallery-image elementor-gallery-item__image\" data-thumbnail=\"https:\/\/resinarecords.com\/wp-content\/uploads\/2025\/01\/resina-records.jpg\" data-width=\"743\" data-height=\"514\" aria-label=\"\" role=\"img\" ><\/div>\n\t\t\t\t\t\t\t\t\t\t\t<div class=\"elementor-gallery-item__overlay\"><\/div>\n\t\t\t\t\t\t\t\t\t\t\t\t\t\t<\/a>\n\t\t\t\t\t\t\t<a class=\"e-gallery-item elementor-gallery-item elementor-animated-content\" href=\"https:\/\/resinarecords.com\/wp-content\/uploads\/2025\/01\/IMG_9674.jpg\" data-elementor-open-lightbox=\"yes\" data-elementor-lightbox-slideshow=\"53dd0a0\" data-elementor-lightbox-title=\"IMG_9674\" data-e-action-hash=\"#elementor-action%3Aaction%3Dlightbox%26settings%3DeyJpZCI6MzY4OSwidXJsIjoiaHR0cHM6XC9cL3Jlc2luYXJlY29yZHMuY29tXC93cC1jb250ZW50XC91cGxvYWRzXC8yMDI1XC8wMVwvSU1HXzk2NzQuanBnIiwic2xpZGVzaG93IjoiNTNkZDBhMCJ9\">\n\t\t\t\t\t<div class=\"e-gallery-image elementor-gallery-item__image\" data-thumbnail=\"https:\/\/resinarecords.com\/wp-content\/uploads\/2025\/01\/IMG_9674-768x513.jpg\" data-width=\"768\" data-height=\"513\" aria-label=\"\" role=\"img\" ><\/div>\n\t\t\t\t\t\t\t\t\t\t\t<div class=\"elementor-gallery-item__overlay\"><\/div>\n\t\t\t\t\t\t\t\t\t\t\t\t\t\t<\/a>\n\t\t\t\t\t\t\t<a class=\"e-gallery-item elementor-gallery-item elementor-animated-content\" href=\"https:\/\/resinarecords.com\/wp-content\/uploads\/2025\/01\/IMG_9203.jpg\" data-elementor-open-lightbox=\"yes\" data-elementor-lightbox-slideshow=\"53dd0a0\" data-elementor-lightbox-title=\"IMG_9203\" data-e-action-hash=\"#elementor-action%3Aaction%3Dlightbox%26settings%3DeyJpZCI6MzY4NiwidXJsIjoiaHR0cHM6XC9cL3Jlc2luYXJlY29yZHMuY29tXC93cC1jb250ZW50XC91cGxvYWRzXC8yMDI1XC8wMVwvSU1HXzkyMDMuanBnIiwic2xpZGVzaG93IjoiNTNkZDBhMCJ9\">\n\t\t\t\t\t<div class=\"e-gallery-image elementor-gallery-item__image\" data-thumbnail=\"https:\/\/resinarecords.com\/wp-content\/uploads\/2025\/01\/IMG_9203-768x512.jpg\" data-width=\"768\" data-height=\"512\" aria-label=\"\" role=\"img\" ><\/div>\n\t\t\t\t\t\t\t\t\t\t\t<div class=\"elementor-gallery-item__overlay\"><\/div>\n\t\t\t\t\t\t\t\t\t\t\t\t\t\t<\/a>\n\t\t\t\t\t\t\t<a class=\"e-gallery-item elementor-gallery-item elementor-animated-content\" href=\"https:\/\/resinarecords.com\/wp-content\/uploads\/2025\/01\/IMG_9607.jpg\" data-elementor-open-lightbox=\"yes\" data-elementor-lightbox-slideshow=\"53dd0a0\" data-elementor-lightbox-title=\"IMG_9607\" data-e-action-hash=\"#elementor-action%3Aaction%3Dlightbox%26settings%3DeyJpZCI6MzY4OCwidXJsIjoiaHR0cHM6XC9cL3Jlc2luYXJlY29yZHMuY29tXC93cC1jb250ZW50XC91cGxvYWRzXC8yMDI1XC8wMVwvSU1HXzk2MDcuanBnIiwic2xpZGVzaG93IjoiNTNkZDBhMCJ9\">\n\t\t\t\t\t<div class=\"e-gallery-image elementor-gallery-item__image\" data-thumbnail=\"https:\/\/resinarecords.com\/wp-content\/uploads\/2025\/01\/IMG_9607-768x513.jpg\" data-width=\"768\" data-height=\"513\" aria-label=\"\" role=\"img\" ><\/div>\n\t\t\t\t\t\t\t\t\t\t\t<div class=\"elementor-gallery-item__overlay\"><\/div>\n\t\t\t\t\t\t\t\t\t\t\t\t\t\t<\/a>\n\t\t\t\t\t\t\t<a class=\"e-gallery-item elementor-gallery-item elementor-animated-content\" href=\"https:\/\/resinarecords.com\/wp-content\/uploads\/2025\/01\/@technogamia-resina-records-13-01-2022-8205.jpg\" data-elementor-open-lightbox=\"yes\" data-elementor-lightbox-slideshow=\"53dd0a0\" data-elementor-lightbox-title=\"@technogamia - resina records (13-01-2022)-8205\" data-e-action-hash=\"#elementor-action%3Aaction%3Dlightbox%26settings%3DeyJpZCI6MzY5MywidXJsIjoiaHR0cHM6XC9cL3Jlc2luYXJlY29yZHMuY29tXC93cC1jb250ZW50XC91cGxvYWRzXC8yMDI1XC8wMVwvQHRlY2hub2dhbWlhLXJlc2luYS1yZWNvcmRzLTEzLTAxLTIwMjItODIwNS5qcGciLCJzbGlkZXNob3ciOiI1M2RkMGEwIn0%3D\">\n\t\t\t\t\t<div class=\"e-gallery-image elementor-gallery-item__image\" data-thumbnail=\"https:\/\/resinarecords.com\/wp-content\/uploads\/2025\/01\/@technogamia-resina-records-13-01-2022-8205-768x1152.jpg\" data-width=\"768\" data-height=\"1152\" aria-label=\"\" role=\"img\" ><\/div>\n\t\t\t\t\t\t\t\t\t\t\t<div class=\"elementor-gallery-item__overlay\"><\/div>\n\t\t\t\t\t\t\t\t\t\t\t\t\t\t<\/a>\n\t\t\t\t\t\t\t<a class=\"e-gallery-item elementor-gallery-item elementor-animated-content\" href=\"https:\/\/resinarecords.com\/wp-content\/uploads\/2025\/01\/@heizzo-222.jpg\" data-elementor-open-lightbox=\"yes\" data-elementor-lightbox-slideshow=\"53dd0a0\" data-elementor-lightbox-title=\"@heizzo-222\" data-e-action-hash=\"#elementor-action%3Aaction%3Dlightbox%26settings%3DeyJpZCI6MzY5MiwidXJsIjoiaHR0cHM6XC9cL3Jlc2luYXJlY29yZHMuY29tXC93cC1jb250ZW50XC91cGxvYWRzXC8yMDI1XC8wMVwvQGhlaXp6by0yMjIuanBnIiwic2xpZGVzaG93IjoiNTNkZDBhMCJ9\">\n\t\t\t\t\t<div class=\"e-gallery-image elementor-gallery-item__image\" data-thumbnail=\"https:\/\/resinarecords.com\/wp-content\/uploads\/2025\/01\/@heizzo-222-768x512.jpg\" data-width=\"768\" data-height=\"512\" aria-label=\"\" role=\"img\" ><\/div>\n\t\t\t\t\t\t\t\t\t\t\t<div class=\"elementor-gallery-item__overlay\"><\/div>\n\t\t\t\t\t\t\t\t\t\t\t\t\t\t<\/a>\n\t\t\t\t\t\t\t<a class=\"e-gallery-item elementor-gallery-item elementor-animated-content\" href=\"https:\/\/resinarecords.com\/wp-content\/uploads\/2025\/01\/PANTANAL-070.jpg\" data-elementor-open-lightbox=\"yes\" data-elementor-lightbox-slideshow=\"53dd0a0\" data-elementor-lightbox-title=\"PANTANAL-070\" data-e-action-hash=\"#elementor-action%3Aaction%3Dlightbox%26settings%3DeyJpZCI6MzY5MCwidXJsIjoiaHR0cHM6XC9cL3Jlc2luYXJlY29yZHMuY29tXC93cC1jb250ZW50XC91cGxvYWRzXC8yMDI1XC8wMVwvUEFOVEFOQUwtMDcwLmpwZyIsInNsaWRlc2hvdyI6IjUzZGQwYTAifQ%3D%3D\">\n\t\t\t\t\t<div class=\"e-gallery-image elementor-gallery-item__image\" data-thumbnail=\"https:\/\/resinarecords.com\/wp-content\/uploads\/2025\/01\/PANTANAL-070-768x1152.jpg\" data-width=\"768\" data-height=\"1152\" aria-label=\"\" role=\"img\" ><\/div>\n\t\t\t\t\t\t\t\t\t\t\t<div class=\"elementor-gallery-item__overlay\"><\/div>\n\t\t\t\t\t\t\t\t\t\t\t\t\t\t<\/a>\n\t\t\t\t\t<\/div>\n\t\t\t\t\t<\/div>\n\t\t\t\t<\/div>\n\t\t\t\t\t<\/div>\n\t\t\t\t<\/div>\n\t\t\t\t<\/div>","protected":false},"excerpt":{"rendered":"<p>RESINA RECORDS A Resina Records \u00e9 um selo musical idealizado por CyK, Gahara e Aquarius Orb, um trio de produtores musicais origin\u00e1rios do Centro-Oeste brasileiro. Fundado em 2018, o selo tem como principal objetivo servir como um canal para a cria\u00e7\u00e3o e distribui\u00e7\u00e3o digital de m\u00fasica eletr\u00f4nica psicod\u00e9lica. O nome &#8220;Resina&#8221; foi inspirado no conceito [&hellip;]<\/p>\n","protected":false},"author":1,"featured_media":0,"parent":0,"menu_order":0,"comment_status":"closed","ping_status":"closed","template":"","meta":{"_acf_changed":false,"footnotes":""},"class_list":["post-3542","page","type-page","status-publish","hentry"],"acf":[],"_links":{"self":[{"href":"https:\/\/resinarecords.com\/en\/wp-json\/wp\/v2\/pages\/3542","targetHints":{"allow":["GET"]}}],"collection":[{"href":"https:\/\/resinarecords.com\/en\/wp-json\/wp\/v2\/pages"}],"about":[{"href":"https:\/\/resinarecords.com\/en\/wp-json\/wp\/v2\/types\/page"}],"author":[{"embeddable":true,"href":"https:\/\/resinarecords.com\/en\/wp-json\/wp\/v2\/users\/1"}],"replies":[{"embeddable":true,"href":"https:\/\/resinarecords.com\/en\/wp-json\/wp\/v2\/comments?post=3542"}],"version-history":[{"count":0,"href":"https:\/\/resinarecords.com\/en\/wp-json\/wp\/v2\/pages\/3542\/revisions"}],"wp:attachment":[{"href":"https:\/\/resinarecords.com\/en\/wp-json\/wp\/v2\/media?parent=3542"}],"curies":[{"name":"wp","href":"https:\/\/api.w.org\/{rel}","templated":true}]}}